{"id":1510,"date":"2021-08-17T11:26:43","date_gmt":"2021-08-17T09:26:43","guid":{"rendered":"https:\/\/aelred.red\/les-aperitifs-anises-pastis\/"},"modified":"2023-07-04T12:07:53","modified_gmt":"2023-07-04T10:07:53","slug":"aniseed-based-aperitifs","status":"publish","type":"page","link":"https:\/\/aelred.red\/en\/aniseed-based-aperitifs\/","title":{"rendered":"ANISEED BASED APERITIFS"},"content":{"rendered":"<h2>ANISEED BASED APERITIFS<\/h2>\n<p>Pastis, an art of livinG<\/p>\n<p>In Provence, one is not completely Proven\u00e7al if one does&#8217;nt sacrifice oneself to the legendary ritual of Pastis&#8230;<\/p>\n<p>Faithful to this tradition, \u00c6lred elaborates with passion top-of-the-range, fine and balanced pastis.<\/p>\n<p>Recipes derived from the Proven\u00e7al art of living and \u00c6lred&#8217;s monastic know-how in mastering the blending of aromatic plant extracts.<\/p>\n<p><img loading=\"lazy\" src=\"https:\/\/aelred.red\/wp-content\/uploads\/2022\/05\/IMG_9422-2-min-1024x715.jpg\" sizes=\"(max-width: 900px) 100vw, 900px\" srcset=\"https:\/\/aelred.red\/wp-content\/uploads\/2022\/05\/IMG_9422-2-min-1024x715.jpg 1024w, https:\/\/aelred.red\/wp-content\/uploads\/2022\/05\/IMG_9422-2-min-300x209.jpg 300w, https:\/\/aelred.red\/wp-content\/uploads\/2022\/05\/IMG_9422-2-min-768x536.jpg 768w, https:\/\/aelred.red\/wp-content\/uploads\/2022\/05\/IMG_9422-2-min-1536x1073.jpg 1536w, https:\/\/aelred.red\/wp-content\/uploads\/2022\/05\/IMG_9422-2-min-1320x922.jpg 1320w, https:\/\/aelred.red\/wp-content\/uploads\/2022\/05\/IMG_9422-2-min.jpg 2048w\" alt=\"\" width=\"900\" height=\"628\" \/><\/p>\n<h2><\/h2>\n<h2>&#8211; Pastis 1889 &#8211; Plants &amp; spices &#8211;<\/h2>\n<p style=\"text-align: justify;\">An emblematic product of the South of France, our 1889 is made from a dozen carefully selected and blended spices and plants.<\/p>\n<p style=\"text-align: justify;\">Pastis 1889 will delight <a href=\"https:\/\/aelred.red\/aperitifs-a-base-de-fruits\/\">aniseed based aperitifs<\/a> lovers with its typical and tasty taste.<\/p>\n<p style=\"text-align: justify;\">Recognised as a high quality Proven\u00e7al Pastis, it brings all the freshness expected for a Pastis with a dominant of aniseed and liquorice notes.<\/p>\n<p style=\"text-align: justify;\">It also offers generous herbal and spicy notes of cardamom, cinnamon, cloves and nutmeg.<\/p>\n<p style=\"text-align: justify;\">A magnificent Proven\u00e7al stroll to discover an elegant and surprising aroma.<\/p>\n<p style=\"text-align: justify;\">Our Pastis \u00c6lred is unique and offers subtle and complex notes that are perfect to taste with friends.<\/p>\n<p style=\"text-align: justify;\"><strong>Did you know ?<br \/>\nOriginating from Avignon, in the south of France, this aperitif takes its name from the Proven\u00e7al &#8220;Pastis&#8221; meaning mixture.<\/strong><\/p>\n<p><img loading=\"lazy\" src=\"https:\/\/aelred.red\/wp-content\/uploads\/2022\/05\/IMG_9414-min-719x1024.jpg\" sizes=\"(max-width: 719px) 100vw, 719px\" srcset=\"https:\/\/aelred.red\/wp-content\/uploads\/2022\/05\/IMG_9414-min-719x1024.jpg 719w, https:\/\/aelred.red\/wp-content\/uploads\/2022\/05\/IMG_9414-min-211x300.jpg 211w, https:\/\/aelred.red\/wp-content\/uploads\/2022\/05\/IMG_9414-min-768x1094.jpg 768w, https:\/\/aelred.red\/wp-content\/uploads\/2022\/05\/IMG_9414-min-1079x1536.jpg 1079w, https:\/\/aelred.red\/wp-content\/uploads\/2022\/05\/IMG_9414-min-1320x1880.jpg 1320w, https:\/\/aelred.red\/wp-content\/uploads\/2022\/05\/IMG_9414-min.jpg 1438w\" alt=\"\" width=\"719\" height=\"1024\" \/><\/p>\n<h2>Tasting notes<\/h2>\n<p style=\"text-align: left;\"><em><strong>Nose :<\/strong><\/em> Aniseed and liquorice dominate, vegetal freshness with cardamom and cinnamon notes.<\/p>\n<p style=\"text-align: left;\"><em><strong>Taste :<\/strong><\/em> Finesse and balance. Aniseed and liquorice on the attack and dominate; with generous vegetal and spicy notes, from cardamom to cinnamon, clove and nutmeg.<\/p>\n<p style=\"text-align: left;\">The expected freshness is there, and offers a thirst-quenching sensation.<\/p>\n<p style=\"text-align: left;\"><strong><em>After taste :<\/em><\/strong> Spicy cinnamon, nutmeg and clove aftertaste.<\/p>\n<h2><\/h2>\n<h2>&#8211; ORGANIC PASTIS &#8211; Anise &amp; Licorice &#8211;<\/h2>\n<p style=\"text-align: justify;\">The organic Pastis is elaborated from the best ingredients rigorously selected.<\/p>\n<p style=\"text-align: justify;\">The extracts of organic licorice and star anise give it the characteristic taste of Pastis.<\/p>\n<p style=\"text-align: justify;\">It is defined as an elegant Aperitif with the colors of Provence in a &#8220;Southern-Bistronomic&#8221; atmosphere.<\/p>\n<p style=\"text-align: justify;\">Close your eyes, imagine &#8230;<\/p>\n<p style=\"text-align: justify;\">A big blue sky,<\/p>\n<p style=\"text-align: justify;\">The soft sound of cicadas,<\/p>\n<p style=\"text-align: justify;\">A light breeze from the wind &#8230;<\/p>\n<p style=\"text-align: justify;\">A table, a bistrot and friends&#8230;<\/p>\n<p style=\"text-align: justify;\">A moment of exchange and sharing,<\/p>\n<p style=\"text-align: justify;\">A joyful and warm moment.<\/p>\n<p style=\"text-align: justify;\">It&#8217;s our representation of a Pastis Made in Dr\u00f4me Proven\u00e7ale !<\/p>\n<p style=\"text-align: justify;\">The alliance of a traditional recipe with the Art of living of the South of France: &#8220;The Chic aperitif&#8221; to be enjoyed with fresh water.<\/p>\n<p><img loading=\"lazy\" src=\"https:\/\/aelred.red\/wp-content\/uploads\/2022\/05\/IMG_9376-min-11-726x1024.jpg\" sizes=\"(max-width: 726px) 100vw, 726px\" srcset=\"https:\/\/aelred.red\/wp-content\/uploads\/2022\/05\/IMG_9376-min-11-726x1024.jpg 726w, https:\/\/aelred.red\/wp-content\/uploads\/2022\/05\/IMG_9376-min-11-213x300.jpg 213w, https:\/\/aelred.red\/wp-content\/uploads\/2022\/05\/IMG_9376-min-11-768x1084.jpg 768w, https:\/\/aelred.red\/wp-content\/uploads\/2022\/05\/IMG_9376-min-11-1088x1536.jpg 1088w, https:\/\/aelred.red\/wp-content\/uploads\/2022\/05\/IMG_9376-min-11.jpg 1298w\" alt=\"\" width=\"726\" height=\"1024\" \/><\/p>\n<h2>Tasting notes<\/h2>\n<p style=\"text-align: left;\"><em><strong>Nose<\/strong> <\/em>: powerful aniseed nose<\/p>\n<p style=\"text-align: left;\"><em><strong>Taste<\/strong><\/em> : clear aniseed flavour, with liquorice adding finesse. well balanced and refreshing.<\/p>\n<p style=\"text-align: left;\"><strong><em>After taste<\/em><\/strong> : persistent aniseed flavour<\/p>\n<p><img loading=\"lazy\" src=\"https:\/\/aelred.red\/wp-content\/uploads\/2022\/05\/IMG_9493-min111-724x1024.jpg\" sizes=\"(max-width: 724px) 100vw, 724px\" srcset=\"https:\/\/aelred.red\/wp-content\/uploads\/2022\/05\/IMG_9493-min111-724x1024.jpg 724w, https:\/\/aelred.red\/wp-content\/uploads\/2022\/05\/IMG_9493-min111-212x300.jpg 212w, https:\/\/aelred.red\/wp-content\/uploads\/2022\/05\/IMG_9493-min111-768x1087.jpg 768w, https:\/\/aelred.red\/wp-content\/uploads\/2022\/05\/IMG_9493-min111-1085x1536.jpg 1085w, https:\/\/aelred.red\/wp-content\/uploads\/2022\/05\/IMG_9493-min111.jpg 1298w\" alt=\"\" width=\"724\" height=\"1024\" \/><br \/>\n<img loading=\"lazy\" src=\"https:\/\/aelred.red\/wp-content\/uploads\/2022\/05\/IMG_9512-2-min11-1024x714.jpg\" sizes=\"(max-width: 900px) 100vw, 900px\" srcset=\"https:\/\/aelred.red\/wp-content\/uploads\/2022\/05\/IMG_9512-2-min11-1024x714.jpg 1024w, https:\/\/aelred.red\/wp-content\/uploads\/2022\/05\/IMG_9512-2-min11-300x209.jpg 300w, https:\/\/aelred.red\/wp-content\/uploads\/2022\/05\/IMG_9512-2-min11-768x535.jpg 768w, https:\/\/aelred.red\/wp-content\/uploads\/2022\/05\/IMG_9512-2-min11-1536x1071.jpg 1536w, https:\/\/aelred.red\/wp-content\/uploads\/2022\/05\/IMG_9512-2-min11-1320x920.jpg 1320w, https:\/\/aelred.red\/wp-content\/uploads\/2022\/05\/IMG_9512-2-min11.jpg 1856w\" alt=\"\" width=\"900\" height=\"628\" \/><br \/>\n<img loading=\"lazy\" src=\"https:\/\/aelred.red\/wp-content\/uploads\/2022\/05\/IMG_9496-2-min-683x1024.jpg\" sizes=\"(max-width: 683px) 100vw, 683px\" srcset=\"https:\/\/aelred.red\/wp-content\/uploads\/2022\/05\/IMG_9496-2-min-683x1024.jpg 683w, https:\/\/aelred.red\/wp-content\/uploads\/2022\/05\/IMG_9496-2-min-200x300.jpg 200w, https:\/\/aelred.red\/wp-content\/uploads\/2022\/05\/IMG_9496-2-min-768x1152.jpg 768w, https:\/\/aelred.red\/wp-content\/uploads\/2022\/05\/IMG_9496-2-min-1024x1536.jpg 1024w, https:\/\/aelred.red\/wp-content\/uploads\/2022\/05\/IMG_9496-2-min-1320x1980.jpg 1320w, https:\/\/aelred.red\/wp-content\/uploads\/2022\/05\/IMG_9496-2-min.jpg 1365w\" alt=\"\" width=\"683\" height=\"1024\" \/><\/p>\n<h2>Tasting Tips<\/h2>\n<p style=\"text-align: left;\">To consume very fresh, lengthened from 6 to 10 volumes for the aperitifs.<\/p>\n<p style=\"text-align: left;\">You can also add a dash of barley syrup for a &#8220;Mauresque&#8221;, grenadine for a &#8220;Tomate&#8221; or mint for a &#8220;Perroquet&#8221;.<\/p>\n","protected":false},"excerpt":{"rendered":"<p>ANISEED BASED APERITIFS Pastis, an art of livinG In Provence, one is not completely Proven\u00e7al if one does&#8217;nt sacrifice oneself to the legendary ritual of Pastis&#8230; Faithful to this tradition, \u00c6lred elaborates with passion top-of-the-range, fine and balanced pastis. Recipes derived from the Proven\u00e7al art of living and \u00c6lred&#8217;s monastic know-how in mastering the blending [&hellip;]<\/p>\n","protected":false},"author":2,"featured_media":0,"parent":0,"menu_order":0,"comment_status":"closed","ping_status":"closed","template":"","meta":[],"acf":[],"yoast_head":"<!-- This site is optimized with the Yoast SEO plugin v19.4 - https:\/\/yoast.com\/wordpress\/plugins\/seo\/ -->\n<title>Aniseed based aperitifs Made In France and Provence \u00c6lred<\/title>\n<meta name=\"description\" content=\"Made from selected and blended spices and plants, the Pastis will delight aniseed based aperitifs lovers with its typical and tasty taste.\" \/>\n<meta name=\"robots\" content=\"index, follow, max-snippet:-1, max-image-preview:large, max-video-preview:-1\" \/>\n<link rel=\"canonical\" href=\"https:\/\/aelred.red\/en\/aniseed-based-aperitifs\/\" \/>\n<meta property=\"og:locale\" content=\"en_US\" \/>\n<meta property=\"og:type\" content=\"article\" \/>\n<meta property=\"og:title\" content=\"Aniseed based aperitifs Made In France and Provence \u00c6lred\" \/>\n<meta property=\"og:description\" content=\"Made from selected and blended spices and plants, the Pastis will delight aniseed based aperitifs lovers with its typical and tasty taste.\" \/>\n<meta property=\"og:url\" content=\"https:\/\/aelred.red\/en\/aniseed-based-aperitifs\/\" \/>\n<meta property=\"og:site_name\" content=\"Aelred\" \/>\n<meta property=\"article:publisher\" content=\"https:\/\/www.facebook.com\/aelredspirits\" \/>\n<meta property=\"article:modified_time\" content=\"2023-07-04T10:07:53+00:00\" \/>\n<meta property=\"og:image\" content=\"https:\/\/aelred.red\/wp-content\/uploads\/2022\/05\/IMG_9422-2-min-1024x715.jpg\" \/>\n<meta name=\"twitter:card\" content=\"summary_large_image\" \/>\n<meta name=\"twitter:label1\" content=\"Est. reading time\" \/>\n\t<meta name=\"twitter:data1\" content=\"4 minutes\" \/>\n<script type=\"application\/ld+json\" class=\"yoast-schema-graph\">{\"@context\":\"https:\/\/schema.org\",\"@graph\":[{\"@type\":\"WebSite\",\"@id\":\"https:\/\/aelred.red\/en\/#website\",\"url\":\"https:\/\/aelred.red\/en\/\",\"name\":\"Aelred\",\"description\":\"French Premium Spirits\",\"potentialAction\":[{\"@type\":\"SearchAction\",\"target\":{\"@type\":\"EntryPoint\",\"urlTemplate\":\"https:\/\/aelred.red\/en\/?s={search_term_string}\"},\"query-input\":\"required name=search_term_string\"}],\"inLanguage\":\"en-US\"},{\"@type\":\"WebPage\",\"@id\":\"https:\/\/aelred.red\/en\/aniseed-based-aperitifs\/\",\"url\":\"https:\/\/aelred.red\/en\/aniseed-based-aperitifs\/\",\"name\":\"Aniseed based aperitifs Made In France and Provence \u00c6lred\",\"isPartOf\":{\"@id\":\"https:\/\/aelred.red\/en\/#website\"},\"datePublished\":\"2021-08-17T09:26:43+00:00\",\"dateModified\":\"2023-07-04T10:07:53+00:00\",\"description\":\"Made from selected and blended spices and plants, the Pastis will delight aniseed based aperitifs lovers with its typical and tasty taste.\",\"breadcrumb\":{\"@id\":\"https:\/\/aelred.red\/en\/aniseed-based-aperitifs\/#breadcrumb\"},\"inLanguage\":\"en-US\",\"potentialAction\":[{\"@type\":\"ReadAction\",\"target\":[\"https:\/\/aelred.red\/en\/aniseed-based-aperitifs\/\"]}]},{\"@type\":\"BreadcrumbList\",\"@id\":\"https:\/\/aelred.red\/en\/aniseed-based-aperitifs\/#breadcrumb\",\"itemListElement\":[{\"@type\":\"ListItem\",\"position\":1,\"name\":\"Accueil\",\"item\":\"https:\/\/aelred.red\/en\/\"},{\"@type\":\"ListItem\",\"position\":2,\"name\":\"ANISEED BASED APERITIFS\"}]}]}<\/script>\n<!-- \/ Yoast SEO plugin. -->","yoast_head_json":{"title":"Aniseed based aperitifs Made In France and Provence \u00c6lred","description":"Made from selected and blended spices and plants, the Pastis will delight aniseed based aperitifs lovers with its typical and tasty taste.","robots":{"index":"index","follow":"follow","max-snippet":"max-snippet:-1","max-image-preview":"max-image-preview:large","max-video-preview":"max-video-preview:-1"},"canonical":"https:\/\/aelred.red\/en\/aniseed-based-aperitifs\/","og_locale":"en_US","og_type":"article","og_title":"Aniseed based aperitifs Made In France and Provence \u00c6lred","og_description":"Made from selected and blended spices and plants, the Pastis will delight aniseed based aperitifs lovers with its typical and tasty taste.","og_url":"https:\/\/aelred.red\/en\/aniseed-based-aperitifs\/","og_site_name":"Aelred","article_publisher":"https:\/\/www.facebook.com\/aelredspirits","article_modified_time":"2023-07-04T10:07:53+00:00","og_image":[{"url":"https:\/\/aelred.red\/wp-content\/uploads\/2022\/05\/IMG_9422-2-min-1024x715.jpg"}],"twitter_card":"summary_large_image","twitter_misc":{"Est. reading time":"4 minutes"},"schema":{"@context":"https:\/\/schema.org","@graph":[{"@type":"WebSite","@id":"https:\/\/aelred.red\/en\/#website","url":"https:\/\/aelred.red\/en\/","name":"Aelred","description":"French Premium Spirits","potentialAction":[{"@type":"SearchAction","target":{"@type":"EntryPoint","urlTemplate":"https:\/\/aelred.red\/en\/?s={search_term_string}"},"query-input":"required name=search_term_string"}],"inLanguage":"en-US"},{"@type":"WebPage","@id":"https:\/\/aelred.red\/en\/aniseed-based-aperitifs\/","url":"https:\/\/aelred.red\/en\/aniseed-based-aperitifs\/","name":"Aniseed based aperitifs Made In France and Provence \u00c6lred","isPartOf":{"@id":"https:\/\/aelred.red\/en\/#website"},"datePublished":"2021-08-17T09:26:43+00:00","dateModified":"2023-07-04T10:07:53+00:00","description":"Made from selected and blended spices and plants, the Pastis will delight aniseed based aperitifs lovers with its typical and tasty taste.","breadcrumb":{"@id":"https:\/\/aelred.red\/en\/aniseed-based-aperitifs\/#breadcrumb"},"inLanguage":"en-US","potentialAction":[{"@type":"ReadAction","target":["https:\/\/aelred.red\/en\/aniseed-based-aperitifs\/"]}]},{"@type":"BreadcrumbList","@id":"https:\/\/aelred.red\/en\/aniseed-based-aperitifs\/#breadcrumb","itemListElement":[{"@type":"ListItem","position":1,"name":"Accueil","item":"https:\/\/aelred.red\/en\/"},{"@type":"ListItem","position":2,"name":"ANISEED BASED APERITIFS"}]}]}},"_links":{"self":[{"href":"https:\/\/aelred.red\/en\/wp-json\/wp\/v2\/pages\/1510"}],"collection":[{"href":"https:\/\/aelred.red\/en\/wp-json\/wp\/v2\/pages"}],"about":[{"href":"https:\/\/aelred.red\/en\/wp-json\/wp\/v2\/types\/page"}],"author":[{"embeddable":true,"href":"https:\/\/aelred.red\/en\/wp-json\/wp\/v2\/users\/2"}],"replies":[{"embeddable":true,"href":"https:\/\/aelred.red\/en\/wp-json\/wp\/v2\/comments?post=1510"}],"version-history":[{"count":98,"href":"https:\/\/aelred.red\/en\/wp-json\/wp\/v2\/pages\/1510\/revisions"}],"predecessor-version":[{"id":3286,"href":"https:\/\/aelred.red\/en\/wp-json\/wp\/v2\/pages\/1510\/revisions\/3286"}],"wp:attachment":[{"href":"https:\/\/aelred.red\/en\/wp-json\/wp\/v2\/media?parent=1510"}],"curies":[{"name":"wp","href":"https:\/\/api.w.org\/{rel}","templated":true}]}}